{"id":298,"date":"2024-10-08T08:19:30","date_gmt":"2024-10-08T08:19:30","guid":{"rendered":"https:\/\/naughty-gates.79-137-88-67.plesk.page\/?page_id=298"},"modified":"2025-05-13T06:45:23","modified_gmt":"2025-05-13T06:45:23","slug":"engagements","status":"publish","type":"page","link":"https:\/\/indisciplines.art\/en\/engagements\/","title":{"rendered":"Commitments"},"content":{"rendered":"\t\t<div data-elementor-type=\"wp-page\" data-elementor-id=\"298\" class=\"elementor elementor-298\" data-elementor-post-type=\"page\">\n\t\t\t\t<div class=\"elementor-element elementor-element-2b30b6d7 e-flex e-con-boxed e-con e-parent\" data-id=\"2b30b6d7\" data-element_type=\"container\">\n\t\t\t\t\t<div class=\"e-con-inner\">\n\t\t<div class=\"elementor-element elementor-element-7ca48a22 e-con-full e-flex elementor-invisible e-con e-child\" data-id=\"7ca48a22\" data-element_type=\"container\" data-settings=\"{&quot;background_background&quot;:&quot;classic&quot;,&quot;animation&quot;:&quot;fadeIn&quot;}\">\n\t\t\t\t<div class=\"elementor-element elementor-element-4078afbd header open elementor-widget elementor-widget-heading\" data-id=\"4078afbd\" data-element_type=\"widget\" data-widget_type=\"heading.default\">\n\t\t\t\t<div class=\"elementor-widget-container\">\n\t\t\t\t\t<div class=\"elementor-heading-title elementor-size-default\">La moquette,<br>\n\u00e9l\u00e9gante<br>\net responsable<\/div>\t\t\t\t<\/div>\n\t\t\t\t<\/div>\n\t\t\t\t<\/div>\n\t\t\t\t\t<\/div>\n\t\t\t\t<\/div>\n\t\t<div class=\"elementor-element elementor-element-117cd2dc e-flex e-con-boxed e-con e-parent\" data-id=\"117cd2dc\" data-element_type=\"container\">\n\t\t\t\t\t<div class=\"e-con-inner\">\n\t\t\t\t<div class=\"elementor-element elementor-element-73bb045d elementor-widget__width-initial elementor-widget elementor-widget-heading\" data-id=\"73bb045d\" data-element_type=\"widget\" data-aos=\"fade-up\" data-aos-duration=\"600\" data-widget_type=\"heading.default\">\n\t\t\t\t<div class=\"elementor-widget-container\">\n\t\t\t\t\t<h1 class=\"elementor-heading-title elementor-size-default\">Des moquettes <span class=\"scroll-subline green\">\u00e9co-responsables<\/span><\/h1>\t\t\t\t<\/div>\n\t\t\t\t<\/div>\n\t\t\t\t<div class=\"elementor-element elementor-element-62c97d23 elementor-widget__width-initial elementor-widget elementor-widget-text-editor\" data-id=\"62c97d23\" data-element_type=\"widget\" data-aos=\"fade-up\" data-aos-duration=\"600\" data-widget_type=\"text-editor.default\">\n\t\t\t\t<div class=\"elementor-widget-container\">\n\t\t\t\t\t\t\t\t\t<p>Vous en avez assez du greenwashing vide de sens qui vise \u00e0 vous vendre tout et n&rsquo;importe quoi ? Nous aussi. Alors soyons honn\u00eates : nous ne sommes pas parfaits. Quand on imprime des moquettes, on a un certain impact sur l\u2019environnement. C\u2019est in\u00e9vitable. Mais il est tout \u00e0 fait possible de r\u00e9duire (drastiquement) son empreinte carbone. Et ce que nous faisons chez Indisciplines. On vous explique.<\/p><p>Premi\u00e8rement, nous concevons votre moquette \u00e0 la demande. Sans surplus. Sans stock dormant. Sans invendus. Nous n\u2019imprimons absolument rien que ne soit pas effectivement pos\u00e9 sur votre sol. L\u2019id\u00e9e est d\u2019\u00e9liminer tout gaspillage. Notre engagement se refl\u00e8te aussi dans le choix des mat\u00e9riaux. Nous utilisons principalement du fil recycl\u00e9 et du Polyamide qui est une mati\u00e8re particuli\u00e8rement durable et r\u00e9sistante. Nous avons d\u2019ailleurs une production certifi\u00e9e pour les\u00a0\u00e9tablissements recevant du public (ERP). D\u2019autre part, le syst\u00e8me d\u2019impression que nous utilisons est le moins gourmand en eau et en \u00e9nergie de toutes les technologies pour faire de la moquette imprim\u00e9e.<\/p>\t\t\t\t\t\t\t\t<\/div>\n\t\t\t\t<\/div>\n\t\t\t\t\t<\/div>\n\t\t\t\t<\/div>\n\t\t<div class=\"elementor-element elementor-element-3e0fa9e0 back e-flex e-con-boxed e-con e-parent\" data-id=\"3e0fa9e0\" data-element_type=\"container\" data-settings=\"{&quot;background_background&quot;:&quot;classic&quot;}\">\n\t\t\t\t\t<div class=\"e-con-inner\">\n\t\t\t\t<div class=\"elementor-element elementor-element-547a7aa0 elementor-widget__width-initial elementor-widget elementor-widget-heading\" data-id=\"547a7aa0\" data-element_type=\"widget\" data-aos=\"fade-up\" data-aos-duration=\"600\" data-widget_type=\"heading.default\">\n\t\t\t\t<div class=\"elementor-widget-container\">\n\t\t\t\t\t<h2 class=\"elementor-heading-title elementor-size-default\">Oubliez les clich\u00e9s, la moquette revient avec <span class=\"scroll-subline pink\">\u00e9l\u00e9gance<\/span><\/h2>\t\t\t\t<\/div>\n\t\t\t\t<\/div>\n\t\t<div class=\"elementor-element elementor-element-f04697d e-con-full e-flex e-con e-child\" data-id=\"f04697d\" data-element_type=\"container\">\n\t\t<div class=\"elementor-element elementor-element-682ca168 e-con-full e-flex e-con e-child\" data-id=\"682ca168\" data-element_type=\"container\" data-settings=\"{&quot;background_background&quot;:&quot;classic&quot;,&quot;background_motion_fx_motion_fx_scrolling&quot;:&quot;yes&quot;,&quot;background_motion_fx_translateY_effect&quot;:&quot;yes&quot;,&quot;background_motion_fx_translateY_direction&quot;:&quot;negative&quot;,&quot;background_motion_fx_translateY_speed&quot;:{&quot;unit&quot;:&quot;px&quot;,&quot;size&quot;:4,&quot;sizes&quot;:[]},&quot;background_motion_fx_translateY_affectedRange&quot;:{&quot;unit&quot;:&quot;%&quot;,&quot;size&quot;:&quot;&quot;,&quot;sizes&quot;:{&quot;start&quot;:0,&quot;end&quot;:100}},&quot;background_motion_fx_devices&quot;:[&quot;desktop&quot;,&quot;tablet&quot;,&quot;mobile&quot;]}\" data-aos=\"fade-left\" data-aos-duration=\"600\">\n\t\t\t\t<\/div>\n\t\t\t\t<div class=\"elementor-element elementor-element-32f61aa5 elementor-widget__width-initial e-transform elementor-widget elementor-widget-text-editor\" data-id=\"32f61aa5\" data-element_type=\"widget\" data-settings=\"{&quot;_transform_translateY_effect&quot;:{&quot;unit&quot;:&quot;custom&quot;,&quot;size&quot;:&quot;clamp(-120px, 10vw,-200px)&quot;,&quot;sizes&quot;:[]},&quot;_transform_translateY_effect_tablet&quot;:{&quot;unit&quot;:&quot;px&quot;,&quot;size&quot;:0,&quot;sizes&quot;:[]},&quot;_transform_translateY_effect_mobile&quot;:{&quot;unit&quot;:&quot;custom&quot;,&quot;size&quot;:&quot;&quot;,&quot;sizes&quot;:[]},&quot;_transform_translateX_effect&quot;:{&quot;unit&quot;:&quot;px&quot;,&quot;size&quot;:&quot;&quot;,&quot;sizes&quot;:[]},&quot;_transform_translateX_effect_tablet&quot;:{&quot;unit&quot;:&quot;px&quot;,&quot;size&quot;:&quot;&quot;,&quot;sizes&quot;:[]},&quot;_transform_translateX_effect_mobile&quot;:{&quot;unit&quot;:&quot;px&quot;,&quot;size&quot;:&quot;&quot;,&quot;sizes&quot;:[]}}\" data-aos=\"fade-right\" data-aos-duration=\"600\" data-aos-delay=\"200\" data-widget_type=\"text-editor.default\">\n\t\t\t\t<div class=\"elementor-widget-container\">\n\t\t\t\t\t\t\t\t\t<p>La moquette vieillotte, c\u2019est fini. Place \u00e0 la moquette haut de gamme et sur mesure avec Indisciplines. Aujourd\u2019hui, la moquette est bien plus qu\u2019un simple habillage de sol, elle est un\u00a0\u00e9l\u00e9ment de design contemporain\u00a0qui transforme vos espaces en des lieux singuliers et confortables. Que vous souhaitiez apporter du\u00a0caract\u00e8re, une\u00a0ambiance feutr\u00e9e, ou jouer avec des textures innovantes, la moquette est le support id\u00e9al car il permet une grande cr\u00e9ativit\u00e9 et offre une grande polyvalence.<\/p><p>La moquette pr\u00e9sente de nombreux\u00a0avantages pratiques\u00a0: elle offre une\u00a0isolation acoustique\u00a0id\u00e9ale pour r\u00e9duire les bruits dans des espaces comme les bureaux, les h\u00f4tels, ou les restaurants. Elle am\u00e9liore le\u00a0confort thermique, aide \u00e0 maintenir la chaleur dans une pi\u00e8ce et contribue \u00e0 un environnement plus agr\u00e9able. Elle est \u00e9galement facile \u00e0 entretenir et r\u00e9sistante, m\u00eame dans des zones \u00e0 fort trafic.<br \/>Avec Indisciplines, la moquette devient une v\u00e9ritable alternative design et fonctionnelle pour des espaces en phase avec notre temps. C\u2019est un rev\u00eatement qui allie style et praticit\u00e9, tout en apportant un confort ind\u00e9niable aux utilisateurs.<\/p>\t\t\t\t\t\t\t\t<\/div>\n\t\t\t\t<\/div>\n\t\t\t\t<\/div>\n\t\t\t\t\t<\/div>\n\t\t\t\t<\/div>\n\t\t<div class=\"elementor-element elementor-element-6716ead1 e-con-full e-flex e-con e-parent\" data-id=\"6716ead1\" data-element_type=\"container\">\n\t\t<div class=\"elementor-element elementor-element-41191f20 e-con-full e-flex e-con e-child\" data-id=\"41191f20\" data-element_type=\"container\" data-settings=\"{&quot;background_background&quot;:&quot;classic&quot;,&quot;background_motion_fx_motion_fx_scrolling&quot;:&quot;yes&quot;,&quot;background_motion_fx_translateY_effect&quot;:&quot;yes&quot;,&quot;background_motion_fx_translateY_direction&quot;:&quot;negative&quot;,&quot;background_motion_fx_translateY_speed&quot;:{&quot;unit&quot;:&quot;px&quot;,&quot;size&quot;:4,&quot;sizes&quot;:[]},&quot;background_motion_fx_translateY_affectedRange&quot;:{&quot;unit&quot;:&quot;%&quot;,&quot;size&quot;:&quot;&quot;,&quot;sizes&quot;:{&quot;start&quot;:0,&quot;end&quot;:100}},&quot;background_motion_fx_devices&quot;:[&quot;desktop&quot;,&quot;tablet&quot;,&quot;mobile&quot;]}\" data-aos=\"fade-up\" data-aos-duration=\"600\">\n\t\t\t\t<\/div>\n\t\t\t\t<\/div>\n\t\t<div class=\"elementor-element elementor-element-1a6ebc1d e-flex e-con-boxed e-con e-parent\" data-id=\"1a6ebc1d\" data-element_type=\"container\">\n\t\t\t\t\t<div class=\"e-con-inner\">\n\t\t<div class=\"elementor-element elementor-element-18d69956 e-con-full e-flex e-con e-child\" data-id=\"18d69956\" data-element_type=\"container\" data-settings=\"{&quot;background_background&quot;:&quot;classic&quot;}\">\n\t\t\t\t<div class=\"elementor-element elementor-element-1aa6d83a elementor-widget elementor-widget-heading\" data-id=\"1aa6d83a\" data-element_type=\"widget\" data-aos=\"fade-left\" data-aos-duration=\"600\" data-widget_type=\"heading.default\">\n\t\t\t\t<div class=\"elementor-widget-container\">\n\t\t\t\t\t<h2 class=\"elementor-heading-title elementor-size-default\">Une r\u00e9flexion cr\u00e9ative pour des espaces uniques<\/h2>\t\t\t\t<\/div>\n\t\t\t\t<\/div>\n\t\t\t\t<div class=\"elementor-element elementor-element-2a0d9e59 elementor-widget__width-initial elementor-widget elementor-widget-text-editor\" data-id=\"2a0d9e59\" data-element_type=\"widget\" data-aos=\"fade-left\" data-aos-duration=\"600\" data-aos-delay=\"200\" data-widget_type=\"text-editor.default\">\n\t\t\t\t<div class=\"elementor-widget-container\">\n\t\t\t\t\t\t\t\t\t<p>Chez Indisciplines, chaque projet est l&rsquo;occasion de faire preuve d\u2019originalit\u00e9\u00a0et de repousser les limites du design. Nous croyons que la moquette est bien plus qu\u2019un simple rev\u00eatement de sol : c\u2019est un\u00a0moyen d\u2019expression\u00a0qui exprime votre vision, votre personnalit\u00e9. En jouant avec les motifs, les\u00a0textures et en explorant des\u00a0tendances, nous cr\u00e9ons avec vous des sols uniques qui s\u2019accordent parfaitement avec leur environnement. Chaque moquette que nous r\u00e9alisons avec vous est une pi\u00e8ce\u00a0sur mesure, con\u00e7ue pour durer et pour marquer les esprits.<\/p>\t\t\t\t\t\t\t\t<\/div>\n\t\t\t\t<\/div>\n\t\t\t\t<\/div>\n\t\t\t\t\t<\/div>\n\t\t\t\t<\/div>\n\t\t\t\t<\/div>\n\t\t","protected":false},"excerpt":{"rendered":"<p>La moquette, \u00e9l\u00e9gante et responsable Des moquettes \u00e9co-responsables Vous en avez assez du greenwashing vide de sens qui vise \u00e0 vous vendre tout et n&rsquo;importe quoi ? Nous aussi. Alors soyons honn\u00eates : nous ne sommes pas parfaits. Quand on imprime des moquettes, on a un certain impact sur l\u2019environnement. C\u2019est in\u00e9vitable. Mais il est [&hellip;]<\/p>\n","protected":false},"author":1,"featured_media":0,"parent":0,"menu_order":0,"comment_status":"closed","ping_status":"closed","template":"","meta":{"_acf_changed":false,"inline_featured_image":false,"footnotes":""},"class_list":["post-298","page","type-page","status-publish","hentry"],"acf":[],"yoast_head":"<!-- This site is optimized with the Yoast SEO plugin v27.5 - https:\/\/yoast.com\/product\/yoast-seo-wordpress\/ -->\n<title>Engagements \u00e9co-responsables pour vos moquettes | Indisciplines<\/title>\n<meta name=\"description\" content=\"D\u00e9couvrez notre approche durable : production \u00e0 la demande, mat\u00e9riaux recycl\u00e9s et techniques respectueuses de l&#039;environnement.\" \/>\n<meta name=\"robots\" content=\"index, follow, max-snippet:-1, max-image-preview:large, max-video-preview:-1\" \/>\n<link rel=\"canonical\" href=\"https:\/\/indisciplines.art\/en\/engagements\/\" \/>\n<meta property=\"og:locale\" content=\"en_GB\" \/>\n<meta property=\"og:type\" content=\"article\" \/>\n<meta property=\"og:title\" content=\"Engagements \u00e9co-responsables pour vos moquettes | Indisciplines\" \/>\n<meta property=\"og:description\" content=\"D\u00e9couvrez notre approche durable : production \u00e0 la demande, mat\u00e9riaux recycl\u00e9s et techniques respectueuses de l&#039;environnement.\" \/>\n<meta property=\"og:url\" content=\"https:\/\/indisciplines.art\/en\/engagements\/\" \/>\n<meta property=\"og:site_name\" content=\"Indisciplines\" \/>\n<meta property=\"article:modified_time\" content=\"2025-05-13T06:45:23+00:00\" \/>\n<meta name=\"twitter:card\" content=\"summary_large_image\" \/>\n<meta name=\"twitter:label1\" content=\"Estimated reading time\" \/>\n\t<meta name=\"twitter:data1\" content=\"3 minutes\" \/>\n<script type=\"application\/ld+json\" class=\"yoast-schema-graph\">{\"@context\":\"https:\\\/\\\/schema.org\",\"@graph\":[{\"@type\":\"WebPage\",\"@id\":\"https:\\\/\\\/indisciplines.art\\\/engagements\\\/\",\"url\":\"https:\\\/\\\/indisciplines.art\\\/engagements\\\/\",\"name\":\"Engagements \u00e9co-responsables pour vos moquettes | Indisciplines\",\"isPartOf\":{\"@id\":\"https:\\\/\\\/indisciplines.art\\\/#website\"},\"datePublished\":\"2024-10-08T08:19:30+00:00\",\"dateModified\":\"2025-05-13T06:45:23+00:00\",\"description\":\"D\u00e9couvrez notre approche durable : production \u00e0 la demande, mat\u00e9riaux recycl\u00e9s et techniques respectueuses de l'environnement.\",\"breadcrumb\":{\"@id\":\"https:\\\/\\\/indisciplines.art\\\/engagements\\\/#breadcrumb\"},\"inLanguage\":\"en-GB\",\"potentialAction\":[{\"@type\":\"ReadAction\",\"target\":[\"https:\\\/\\\/indisciplines.art\\\/engagements\\\/\"]}]},{\"@type\":\"BreadcrumbList\",\"@id\":\"https:\\\/\\\/indisciplines.art\\\/engagements\\\/#breadcrumb\",\"itemListElement\":[{\"@type\":\"ListItem\",\"position\":1,\"name\":\"Accueil\",\"item\":\"https:\\\/\\\/indisciplines.art\\\/\"},{\"@type\":\"ListItem\",\"position\":2,\"name\":\"Engagements\"}]},{\"@type\":\"WebSite\",\"@id\":\"https:\\\/\\\/indisciplines.art\\\/#website\",\"url\":\"https:\\\/\\\/indisciplines.art\\\/\",\"name\":\"Indisciplines\",\"description\":\"\",\"publisher\":{\"@id\":\"https:\\\/\\\/indisciplines.art\\\/#organization\"},\"potentialAction\":[{\"@type\":\"SearchAction\",\"target\":{\"@type\":\"EntryPoint\",\"urlTemplate\":\"https:\\\/\\\/indisciplines.art\\\/?s={search_term_string}\"},\"query-input\":{\"@type\":\"PropertyValueSpecification\",\"valueRequired\":true,\"valueName\":\"search_term_string\"}}],\"inLanguage\":\"en-GB\"},{\"@type\":\"Organization\",\"@id\":\"https:\\\/\\\/indisciplines.art\\\/#organization\",\"name\":\"Indisciplines\",\"url\":\"https:\\\/\\\/indisciplines.art\\\/\",\"logo\":{\"@type\":\"ImageObject\",\"inLanguage\":\"en-GB\",\"@id\":\"https:\\\/\\\/indisciplines.art\\\/#\\\/schema\\\/logo\\\/image\\\/\",\"url\":\"https:\\\/\\\/indisciplines.art\\\/wp-content\\\/uploads\\\/2024\\\/10\\\/LOGO-INDISCIPLINES-2024-V2.svg\",\"contentUrl\":\"https:\\\/\\\/indisciplines.art\\\/wp-content\\\/uploads\\\/2024\\\/10\\\/LOGO-INDISCIPLINES-2024-V2.svg\",\"width\":1364,\"height\":289,\"caption\":\"Indisciplines\"},\"image\":{\"@id\":\"https:\\\/\\\/indisciplines.art\\\/#\\\/schema\\\/logo\\\/image\\\/\"}}]}<\/script>\n<!-- \/ Yoast SEO plugin. -->","yoast_head_json":{"title":"Engagements \u00e9co-responsables pour vos moquettes | Indisciplines","description":"D\u00e9couvrez notre approche durable : production \u00e0 la demande, mat\u00e9riaux recycl\u00e9s et techniques respectueuses de l'environnement.","robots":{"index":"index","follow":"follow","max-snippet":"max-snippet:-1","max-image-preview":"max-image-preview:large","max-video-preview":"max-video-preview:-1"},"canonical":"https:\/\/indisciplines.art\/en\/engagements\/","og_locale":"en_GB","og_type":"article","og_title":"Engagements \u00e9co-responsables pour vos moquettes | Indisciplines","og_description":"D\u00e9couvrez notre approche durable : production \u00e0 la demande, mat\u00e9riaux recycl\u00e9s et techniques respectueuses de l'environnement.","og_url":"https:\/\/indisciplines.art\/en\/engagements\/","og_site_name":"Indisciplines","article_modified_time":"2025-05-13T06:45:23+00:00","twitter_card":"summary_large_image","twitter_misc":{"Estimated reading time":"3 minutes"},"schema":{"@context":"https:\/\/schema.org","@graph":[{"@type":"WebPage","@id":"https:\/\/indisciplines.art\/engagements\/","url":"https:\/\/indisciplines.art\/engagements\/","name":"Engagements \u00e9co-responsables pour vos moquettes | Indisciplines","isPartOf":{"@id":"https:\/\/indisciplines.art\/#website"},"datePublished":"2024-10-08T08:19:30+00:00","dateModified":"2025-05-13T06:45:23+00:00","description":"D\u00e9couvrez notre approche durable : production \u00e0 la demande, mat\u00e9riaux recycl\u00e9s et techniques respectueuses de l'environnement.","breadcrumb":{"@id":"https:\/\/indisciplines.art\/engagements\/#breadcrumb"},"inLanguage":"en-GB","potentialAction":[{"@type":"ReadAction","target":["https:\/\/indisciplines.art\/engagements\/"]}]},{"@type":"BreadcrumbList","@id":"https:\/\/indisciplines.art\/engagements\/#breadcrumb","itemListElement":[{"@type":"ListItem","position":1,"name":"Accueil","item":"https:\/\/indisciplines.art\/"},{"@type":"ListItem","position":2,"name":"Engagements"}]},{"@type":"WebSite","@id":"https:\/\/indisciplines.art\/#website","url":"https:\/\/indisciplines.art\/","name":"Indisciplines","description":"","publisher":{"@id":"https:\/\/indisciplines.art\/#organization"},"potentialAction":[{"@type":"SearchAction","target":{"@type":"EntryPoint","urlTemplate":"https:\/\/indisciplines.art\/?s={search_term_string}"},"query-input":{"@type":"PropertyValueSpecification","valueRequired":true,"valueName":"search_term_string"}}],"inLanguage":"en-GB"},{"@type":"Organization","@id":"https:\/\/indisciplines.art\/#organization","name":"Indisciplines","url":"https:\/\/indisciplines.art\/","logo":{"@type":"ImageObject","inLanguage":"en-GB","@id":"https:\/\/indisciplines.art\/#\/schema\/logo\/image\/","url":"https:\/\/indisciplines.art\/wp-content\/uploads\/2024\/10\/LOGO-INDISCIPLINES-2024-V2.svg","contentUrl":"https:\/\/indisciplines.art\/wp-content\/uploads\/2024\/10\/LOGO-INDISCIPLINES-2024-V2.svg","width":1364,"height":289,"caption":"Indisciplines"},"image":{"@id":"https:\/\/indisciplines.art\/#\/schema\/logo\/image\/"}}]}},"_links":{"self":[{"href":"https:\/\/indisciplines.art\/en\/wp-json\/wp\/v2\/pages\/298","targetHints":{"allow":["GET"]}}],"collection":[{"href":"https:\/\/indisciplines.art\/en\/wp-json\/wp\/v2\/pages"}],"about":[{"href":"https:\/\/indisciplines.art\/en\/wp-json\/wp\/v2\/types\/page"}],"author":[{"embeddable":true,"href":"https:\/\/indisciplines.art\/en\/wp-json\/wp\/v2\/users\/1"}],"replies":[{"embeddable":true,"href":"https:\/\/indisciplines.art\/en\/wp-json\/wp\/v2\/comments?post=298"}],"version-history":[{"count":41,"href":"https:\/\/indisciplines.art\/en\/wp-json\/wp\/v2\/pages\/298\/revisions"}],"predecessor-version":[{"id":1708,"href":"https:\/\/indisciplines.art\/en\/wp-json\/wp\/v2\/pages\/298\/revisions\/1708"}],"wp:attachment":[{"href":"https:\/\/indisciplines.art\/en\/wp-json\/wp\/v2\/media?parent=298"}],"curies":[{"name":"wp","href":"https:\/\/api.w.org\/{rel}","templated":true}]}}